{"id":38,"date":"2017-08-23T22:53:36","date_gmt":"2017-08-23T22:53:36","guid":{"rendered":"http:\/\/stephanesauve.ca\/stephanesauve\/?page_id=38"},"modified":"2025-08-28T18:24:58","modified_gmt":"2025-08-28T18:24:58","slug":"accueil","status":"publish","type":"page","link":"https:\/\/stephanesauve.ca\/stephanesauve\/","title":{"rendered":"Accueil"},"content":{"rendered":"<p>[et_pb_section fb_built=\u00a0\u00bb1&Prime; _builder_version=\u00a0\u00bb4.16&Prime; use_background_color_gradient=\u00a0\u00bbon\u00a0\u00bb background_color_gradient_stops=\u00a0\u00bb#951741 0%|rgba(40,42,55,0.83) 100%\u00a0\u00bb background_color_gradient_start=\u00a0\u00bb#951741&Prime; background_color_gradient_end=\u00a0\u00bbrgba(40,42,55,0.83)\u00a0\u00bb global_colors_info=\u00a0\u00bb{}\u00a0\u00bb][et_pb_row disabled_on=\u00a0\u00bboff|off|\u00a0\u00bb _builder_version=\u00a0\u00bb4.16&Prime; background_size=\u00a0\u00bbinitial\u00a0\u00bb background_position=\u00a0\u00bbtop_left\u00a0\u00bb background_repeat=\u00a0\u00bbrepeat\u00a0\u00bb global_colors_info=\u00a0\u00bb{}\u00a0\u00bb][et_pb_column type=\u00a0\u00bb4_4&Prime; _builder_version=\u00a0\u00bb4.16&Prime; background_position=\u00a0\u00bbtop_left\u00a0\u00bb custom_padding=\u00a0\u00bb|||\u00a0\u00bb global_colors_info=\u00a0\u00bb{}\u00a0\u00bb custom_padding__hover=\u00a0\u00bb|||\u00a0\u00bb][et_pb_text _builder_version=\u00a0\u00bb4.16&Prime; text_font=\u00a0\u00bbDancing Script|on|||\u00a0\u00bb text_text_color=\u00a0\u00bb#ffffff\u00a0\u00bb text_font_size=\u00a0\u00bb48px\u00a0\u00bb text_line_height=\u00a0\u00bb2em\u00a0\u00bb custom_margin_tablet=\u00a0\u00bb\u00a0\u00bb custom_margin_phone=\u00a0\u00bb|-10px||-10px|false|false\u00a0\u00bb custom_margin_last_edited=\u00a0\u00bbon|phone\u00a0\u00bb text_font_size_tablet=\u00a0\u00bb30px\u00a0\u00bb text_font_size_phone=\u00a0\u00bb22px\u00a0\u00bb text_font_size_last_edited=\u00a0\u00bbon|phone\u00a0\u00bb border_style=\u00a0\u00bbsolid\u00a0\u00bb global_colors_info=\u00a0\u00bb{}\u00a0\u00bb]<\/p>\n<div class=\"et_pb_text et_pb_module et_pb_bg_layout_light et_pb_text_align_center et_pb_text_0\">\n<div class=\"et_pb_text_inner\">\n<p style=\"text-align: center;\">\u00c9cole de danse sportive St\u00e9phane Sauv\u00e9<\/p>\n<\/div>\n<\/div>\n<div class=\"et_pb_text et_pb_module et_pb_bg_layout_light et_pb_text_align_center et_pb_text_1\">\n<div class=\"et_pb_text_inner\">\n<p style=\"text-align: center;\">\u00ab 28 ans de renomm\u00e9e \u00bb<\/p>\n<\/div>\n<\/div>\n<p>[\/et_pb_text][et_pb_image src=\u00a0\u00bbhttps:\/\/stephanesauve.ca\/stephanesauve\/wp-content\/uploads\/2017\/08\/Photo-St\u00e9phane-accueil.png\u00a0\u00bb align=\u00a0\u00bbcenter\u00a0\u00bb align_tablet=\u00a0\u00bbcenter\u00a0\u00bb align_phone=\u00a0\u00bb\u00a0\u00bb align_last_edited=\u00a0\u00bbon|desktop\u00a0\u00bb _builder_version=\u00a0\u00bb4.16&Prime; animation_style=\u00a0\u00bbslide\u00a0\u00bb animation_direction=\u00a0\u00bbleft\u00a0\u00bb animation_duration=\u00a0\u00bb500ms\u00a0\u00bb animation_intensity_slide=\u00a0\u00bb10%\u00a0\u00bb global_colors_info=\u00a0\u00bb{}\u00a0\u00bb][\/et_pb_image][\/et_pb_column][\/et_pb_row][\/et_pb_section]<\/p>\n","protected":false},"excerpt":{"rendered":"<p>\u00c9cole de danse sportive St\u00e9phane Sauv\u00e9 \u00ab 28 ans de renomm\u00e9e \u00bb<\/p>\n","protected":false},"author":1,"featured_media":0,"parent":0,"menu_order":0,"comment_status":"closed","ping_status":"closed","template":"","meta":{"_et_pb_use_builder":"on","_et_pb_old_content":"","_et_gb_content_width":"","footnotes":""},"class_list":["post-38","page","type-page","status-publish","hentry"],"yoast_head":"<!-- This site is optimized with the Yoast SEO plugin v27.3 - https:\/\/yoast.com\/product\/yoast-seo-wordpress\/ -->\n<title>Accueil - \u00c9cole de Danse St\u00e9phane Sauv\u00e9<\/title>\n<meta name=\"robots\" content=\"index, follow, max-snippet:-1, max-image-preview:large, max-video-preview:-1\" \/>\n<link rel=\"canonical\" href=\"https:\/\/stephanesauve.ca\/stephanesauve\/\" \/>\n<meta property=\"og:locale\" content=\"fr_FR\" \/>\n<meta property=\"og:type\" content=\"article\" \/>\n<meta property=\"og:title\" content=\"Accueil - \u00c9cole de Danse St\u00e9phane Sauv\u00e9\" \/>\n<meta property=\"og:description\" content=\"\u00c9cole de danse sportive St\u00e9phane Sauv\u00e9 \u00ab 28 ans de renomm\u00e9e \u00bb\" \/>\n<meta property=\"og:url\" content=\"https:\/\/stephanesauve.ca\/stephanesauve\/\" \/>\n<meta property=\"og:site_name\" content=\"\u00c9cole de Danse St\u00e9phane Sauv\u00e9\" \/>\n<meta property=\"article:publisher\" content=\"https:\/\/www.facebook.com\/%c3%89cole-de-danse-Sportive-de-St%c3%a9phane-Sauv%c3%a9-774899982573510\/\" \/>\n<meta property=\"article:modified_time\" content=\"2025-08-28T18:24:58+00:00\" \/>\n<meta name=\"twitter:card\" content=\"summary_large_image\" \/>\n<meta name=\"twitter:label1\" content=\"Dur\u00e9e de lecture estim\u00e9e\" \/>\n\t<meta name=\"twitter:data1\" content=\"1 minute\" \/>\n<script type=\"application\/ld+json\" class=\"yoast-schema-graph\">{\"@context\":\"https:\\\/\\\/schema.org\",\"@graph\":[{\"@type\":\"WebPage\",\"@id\":\"https:\\\/\\\/stephanesauve.ca\\\/stephanesauve\\\/\",\"url\":\"https:\\\/\\\/stephanesauve.ca\\\/stephanesauve\\\/\",\"name\":\"Accueil - \u00c9cole de Danse St\u00e9phane Sauv\u00e9\",\"isPartOf\":{\"@id\":\"https:\\\/\\\/stephanesauve.ca\\\/stephanesauve\\\/#website\"},\"datePublished\":\"2017-08-23T22:53:36+00:00\",\"dateModified\":\"2025-08-28T18:24:58+00:00\",\"breadcrumb\":{\"@id\":\"https:\\\/\\\/stephanesauve.ca\\\/stephanesauve\\\/#breadcrumb\"},\"inLanguage\":\"fr-FR\",\"potentialAction\":[{\"@type\":\"ReadAction\",\"target\":[\"https:\\\/\\\/stephanesauve.ca\\\/stephanesauve\\\/\"]}]},{\"@type\":\"BreadcrumbList\",\"@id\":\"https:\\\/\\\/stephanesauve.ca\\\/stephanesauve\\\/#breadcrumb\",\"itemListElement\":[{\"@type\":\"ListItem\",\"position\":1,\"name\":\"Accueil\",\"item\":\"https:\\\/\\\/stephanesauve.ca\\\/stephanesauve\\\/\"},{\"@type\":\"ListItem\",\"position\":2,\"name\":\"Accueil\"}]},{\"@type\":\"WebSite\",\"@id\":\"https:\\\/\\\/stephanesauve.ca\\\/stephanesauve\\\/#website\",\"url\":\"https:\\\/\\\/stephanesauve.ca\\\/stephanesauve\\\/\",\"name\":\"\u00c9cole de Danse St\u00e9phane Sauv\u00e9\",\"description\":\"\",\"potentialAction\":[{\"@type\":\"SearchAction\",\"target\":{\"@type\":\"EntryPoint\",\"urlTemplate\":\"https:\\\/\\\/stephanesauve.ca\\\/stephanesauve\\\/?s={search_term_string}\"},\"query-input\":{\"@type\":\"PropertyValueSpecification\",\"valueRequired\":true,\"valueName\":\"search_term_string\"}}],\"inLanguage\":\"fr-FR\"}]}<\/script>\n<!-- \/ Yoast SEO plugin. -->","yoast_head_json":{"title":"Accueil - \u00c9cole de Danse St\u00e9phane Sauv\u00e9","robots":{"index":"index","follow":"follow","max-snippet":"max-snippet:-1","max-image-preview":"max-image-preview:large","max-video-preview":"max-video-preview:-1"},"canonical":"https:\/\/stephanesauve.ca\/stephanesauve\/","og_locale":"fr_FR","og_type":"article","og_title":"Accueil - \u00c9cole de Danse St\u00e9phane Sauv\u00e9","og_description":"\u00c9cole de danse sportive St\u00e9phane Sauv\u00e9 \u00ab 28 ans de renomm\u00e9e \u00bb","og_url":"https:\/\/stephanesauve.ca\/stephanesauve\/","og_site_name":"\u00c9cole de Danse St\u00e9phane Sauv\u00e9","article_publisher":"https:\/\/www.facebook.com\/%c3%89cole-de-danse-Sportive-de-St%c3%a9phane-Sauv%c3%a9-774899982573510\/","article_modified_time":"2025-08-28T18:24:58+00:00","twitter_card":"summary_large_image","twitter_misc":{"Dur\u00e9e de lecture estim\u00e9e":"1 minute"},"schema":{"@context":"https:\/\/schema.org","@graph":[{"@type":"WebPage","@id":"https:\/\/stephanesauve.ca\/stephanesauve\/","url":"https:\/\/stephanesauve.ca\/stephanesauve\/","name":"Accueil - \u00c9cole de Danse St\u00e9phane Sauv\u00e9","isPartOf":{"@id":"https:\/\/stephanesauve.ca\/stephanesauve\/#website"},"datePublished":"2017-08-23T22:53:36+00:00","dateModified":"2025-08-28T18:24:58+00:00","breadcrumb":{"@id":"https:\/\/stephanesauve.ca\/stephanesauve\/#breadcrumb"},"inLanguage":"fr-FR","potentialAction":[{"@type":"ReadAction","target":["https:\/\/stephanesauve.ca\/stephanesauve\/"]}]},{"@type":"BreadcrumbList","@id":"https:\/\/stephanesauve.ca\/stephanesauve\/#breadcrumb","itemListElement":[{"@type":"ListItem","position":1,"name":"Accueil","item":"https:\/\/stephanesauve.ca\/stephanesauve\/"},{"@type":"ListItem","position":2,"name":"Accueil"}]},{"@type":"WebSite","@id":"https:\/\/stephanesauve.ca\/stephanesauve\/#website","url":"https:\/\/stephanesauve.ca\/stephanesauve\/","name":"\u00c9cole de Danse St\u00e9phane Sauv\u00e9","description":"","potentialAction":[{"@type":"SearchAction","target":{"@type":"EntryPoint","urlTemplate":"https:\/\/stephanesauve.ca\/stephanesauve\/?s={search_term_string}"},"query-input":{"@type":"PropertyValueSpecification","valueRequired":true,"valueName":"search_term_string"}}],"inLanguage":"fr-FR"}]}},"_links":{"self":[{"href":"https:\/\/stephanesauve.ca\/stephanesauve\/wp-json\/wp\/v2\/pages\/38","targetHints":{"allow":["GET"]}}],"collection":[{"href":"https:\/\/stephanesauve.ca\/stephanesauve\/wp-json\/wp\/v2\/pages"}],"about":[{"href":"https:\/\/stephanesauve.ca\/stephanesauve\/wp-json\/wp\/v2\/types\/page"}],"author":[{"embeddable":true,"href":"https:\/\/stephanesauve.ca\/stephanesauve\/wp-json\/wp\/v2\/users\/1"}],"replies":[{"embeddable":true,"href":"https:\/\/stephanesauve.ca\/stephanesauve\/wp-json\/wp\/v2\/comments?post=38"}],"version-history":[{"count":12,"href":"https:\/\/stephanesauve.ca\/stephanesauve\/wp-json\/wp\/v2\/pages\/38\/revisions"}],"predecessor-version":[{"id":916,"href":"https:\/\/stephanesauve.ca\/stephanesauve\/wp-json\/wp\/v2\/pages\/38\/revisions\/916"}],"wp:attachment":[{"href":"https:\/\/stephanesauve.ca\/stephanesauve\/wp-json\/wp\/v2\/media?parent=38"}],"curies":[{"name":"wp","href":"https:\/\/api.w.org\/{rel}","templated":true}]}}